{"id":425,"date":"2023-06-14T12:03:05","date_gmt":"2023-06-14T12:03:05","guid":{"rendered":"http:\/\/basewebsite43.intivion.com\/?page_id=425"},"modified":"2023-11-17T14:02:33","modified_gmt":"2023-11-17T14:02:33","slug":"stocks","status":"publish","type":"page","link":"https:\/\/www.xmrmarkets.com\/es\/stocks\/","title":{"rendered":"Acciones"},"content":{"rendered":"<div class=\"innerpage-wrap trading-inner-page\">\r\n\r\n <div class=\"tip-top\">\r\n  <div class=\"container\">\r\n   <div class=\"row\">\r\n     <div class=\"col-lg-6\">\r\n<h3>Capitaliza las principales acciones mundiales sin propiedad<\/h3>\r\n        <p>Comienza a operar con CFD largos o cortos sobre acciones con las empresas globales m\u00e1s negociadas del mundo, incluidas Amazon, Meta Platforms, inc., Apple, Microsoft y Alphabet. Invertir en CFD te permite negociar el valor de las acciones de la empresa sin poseer las acciones subyacentes, lo que te brinda varias ventajas sobre la negociaci\u00f3n de acciones tradicional.<\/p>\r\n     <\/div>\r\n   <div class=\"col-lg-6\">\r\n     <img decoding=\"async\" class=\"img-fluid\" src=\"\/wp-content\/themes\/website-theme\/images\/st-img-01.jpg\" alt=\"\">\r\n     <\/div>\r\n   <\/div>\r\n <\/div>\r\n <\/div>\r\n \r\n  <div class=\"tip-middle\">\r\n   <div class=\"container\">\r\n   <div class=\"row\">\r\n   \r\n     <div class=\"col-lg-12\">\r\n       <h3>Elige CFD sobre operaciones con acciones para afirmar tu estado premium<\/h3>\r\n   <\/div>\r\n   \r\n   <div class=\"col-lg-6\">\r\n      <div class=\"tip-middle-box\">\r\n        <h3>Equilibra los riesgos del mercado<\/h3>\r\n            <p>Como los CFD sobre acciones re\u00fanen de 30 a 500 acciones de empresas que cotizan en bolsa, tambi\u00e9n pueden aumentar tu resistencia al riesgo de mercado al crear un activo m\u00e1s estable.<\/p>\r\n    <\/div>\r\n   <\/div>\r\n   \r\n   <div class=\"col-lg-6\">\r\n    <div class=\"tip-middle-box\">\r\n       \r\n       <h3>Acceso comercial multiplataforma<\/h3>\r\n         <p>Elige tu forma m\u00e1s c\u00f3moda de acceder al \u00e1mbito del trading internacional. Ya sea un PC, un port\u00e1til, un smarphone o una tableta, XMR Markets lo admite todo. Eres t\u00fa quien tiene el control de c\u00f3mo y cu\u00e1ndo operar.<\/p>\r\n     <\/div>\r\n   <\/div>\r\n   \r\n   <\/div>\r\n <\/div>\r\n <\/div>\r\n \r\n <div class=\"tip-bottom\">\r\n   <div class=\"container\">\r\n   <div class=\"row\">\r\n      <div class=\"col-lg-7\">\r\n        <h2>Beneficios de los CFD sobre acciones:<\/h2>\r\n    <p>Operar en corto o largo plazo en acciones es un proceso relativamente complicado en el trading de acciones tradicional, pero con los CFD puedes vender tan f\u00e1cilmente como comprar para aprovechar las ca\u00eddas de los mercados.<\/p>\r\n    <p>Los CFD sobre acciones son f\u00e1ciles de negociar, sin necesidad de negociar a trav\u00e9s de un broker de bolsa. Simplemente compra o vende al precio de mercado en vivo.<\/p>\r\n    <p>Opera a un costo mucho menor en comparaci\u00f3n con el trading de acciones tradicional.<\/p>\r\n    <p>Puedes beneficiarte de los movimientos m\u00e1s peque\u00f1os del mercado, ya que el apalancamiento te permite aumentar el tama\u00f1o de tu posici\u00f3n en relaci\u00f3n con tu inversi\u00f3n. El apalancamiento tambi\u00e9n es riesgoso y puede aumentar tanto tus p\u00e9rdidas como tus ganancias.<\/p>\r\n  <\/div>\r\n  \r\n   <div class=\"col-lg-5\">\r\n     <img decoding=\"async\" class=\"img-fluid\" src=\"\/wp-content\/themes\/website-theme\/images\/st-img-02.png\" alt=\"\">\r\n     <\/div>\r\n   <\/div>\r\n <\/div>\r\n <\/div>\r\n \r\n\r\n<\/div>","protected":false},"excerpt":{"rendered":"Capitaliza las principales acciones mundiales sin propiedad Comienza a operar con CFD largos o cortos sobre acciones con las empresas globales m\u00e1s negociadas del mundo, incluidas Amazon, Meta Platforms, inc., Apple, Microsoft y Alphabet. Invertir en CFD te permite negociar el valor de las acciones de la empresa sin poseer las acciones subyacentes, lo que &hellip;","protected":false},"author":1,"featured_media":0,"parent":0,"menu_order":0,"comment_status":"closed","ping_status":"closed","template":"fullwidth-page.php","meta":{"footnotes":""},"class_list":["post-425","page","type-page","status-publish","hentry"],"_links":{"self":[{"href":"https:\/\/www.xmrmarkets.com\/es\/wp-json\/wp\/v2\/pages\/425","targetHints":{"allow":["GET"]}}],"collection":[{"href":"https:\/\/www.xmrmarkets.com\/es\/wp-json\/wp\/v2\/pages"}],"about":[{"href":"https:\/\/www.xmrmarkets.com\/es\/wp-json\/wp\/v2\/types\/page"}],"author":[{"embeddable":true,"href":"https:\/\/www.xmrmarkets.com\/es\/wp-json\/wp\/v2\/users\/1"}],"replies":[{"embeddable":true,"href":"https:\/\/www.xmrmarkets.com\/es\/wp-json\/wp\/v2\/comments?post=425"}],"version-history":[{"count":4,"href":"https:\/\/www.xmrmarkets.com\/es\/wp-json\/wp\/v2\/pages\/425\/revisions"}],"predecessor-version":[{"id":788,"href":"https:\/\/www.xmrmarkets.com\/es\/wp-json\/wp\/v2\/pages\/425\/revisions\/788"}],"wp:attachment":[{"href":"https:\/\/www.xmrmarkets.com\/es\/wp-json\/wp\/v2\/media?parent=425"}],"curies":[{"name":"wp","href":"https:\/\/api.w.org\/{rel}","templated":true}]}}