{"id":759,"date":"2023-10-19T11:21:11","date_gmt":"2023-10-19T11:21:11","guid":{"rendered":"http:\/\/staging.xmrmarkets.com\/courses\/"},"modified":"2023-12-08T06:22:48","modified_gmt":"2023-12-08T06:22:48","slug":"courses","status":"publish","type":"page","link":"https:\/\/www.xmrmarkets.com\/es\/courses\/","title":{"rendered":"Cursos"},"content":{"rendered":"<div class=\"innerpage-wrap about-us-page courses\">\r\n   \r\n  <div class=\"aboutus-top\">\r\n<div class=\"container\">\r\n  <div class=\"row\">\r\n       <div class=\"col-lg-12 text-center\">\r\n          <h2> Aprende y crece con XMR-Markets: nuestros cursos de trading <\/h2>\r\n          <p>En XMR-Markets, creemos en brindar a nuestros clientes el conocimiento y las habilidades necesarios para tomar decisiones de trading informadas. Para ayudarte a alcanzar tus objetivos de trading, ofrecemos una variedad de cursos educativos dise\u00f1ados para atender tanto a operadores principiantes como experimentados.<\/p>\r\n       <\/div>\r\n  \r\n  <\/div>\r\n  <\/div>   \r\n  <\/div>\r\n\r\n<div class=\"aboutus-middle\">\r\n<div class=\"container\">\r\n<div class=\"row\">\r\n    <div class=\"col-lg-6 pe-0\">\r\n  <div class=\"ab-green-box\">\r\n        <h2>Comienza tu viaje educativo hoy<\/h2>\r\n    <p>Con XMR-Markets, puedes iniciar tu educaci\u00f3n comercial y ampliar tus conocimientos para convertirte en un operador m\u00e1s informado y seguro. Ya sea que sea nuevo en el mundo del trading o est\u00e9s buscando perfeccionar tus habilidades, nuestros cursos te brindan la orientaci\u00f3n que necesitas. Estamos comprometidos con tu crecimiento y \u00e9xito en el mercado de las criptomonedas. \u00danete a nosotros y comienza tu viaje educativo con XMR-Markets hoy.<\/p>\r\n      <\/div>\r\n    <\/div>\r\n    <div class=\"col-lg-6 ps-0\">\r\n      <img decoding=\"async\" src=\"\/wp-content\/themes\/website-theme\/images\/course-img.jpg\" class=\"img-fluid\" alt=\"...\">\r\n    <\/div>\r\n  <\/div>\r\n  <\/div>\r\n  <\/div>\r\n\r\n  <div class=\"courses-bottom\">\r\n    <div class=\"container\">\r\n      <div class=\"text-center\">\r\n        <h2 class=\"lg-heading\">Nuestras ofertas de cursos<\/h2>\r\n      <\/div>\r\n      <div class=\"row\">\r\n        <div class=\"col-lg-6 mr-20\">\r\n          <div class=\"box\">\r\n            <div class=\"row\">\r\n              <div class=\"col-md-6\">\r\n                <img decoding=\"async\" src=\"\/wp-content\/themes\/website-theme\/images\/course-img-01.jpg\" class=\"img-fluid\" alt=\"...\">\r\n              <\/div>\r\n              <div class=\"col-md-6\">\r\n                <h3 class=\"medium-heading\">Trading estrat\u00e9gico profesional<\/h3>\r\n                <p>Convi\u00e9rtete en un profesional del trading estrat\u00e9gico con nuestros cursos pr\u00e1cticos, dise\u00f1ados para mejorar tus habilidades y optimizar tu enfoque comercial.<\/p>\r\n              <\/div>\r\n            <\/div>\r\n          <\/div>\r\n        <\/div>\r\n      \r\n          <div class=\"col-lg-6\">\r\n            <div class=\"box\">\r\n              <div class=\"row\">\r\n                <div class=\"col-md-6\">\r\n                  <img decoding=\"async\" src=\"\/wp-content\/themes\/website-theme\/images\/course-img-02.jpg\" class=\"img-fluid\" alt=\"...\">\r\n                <\/div>\r\n                <div class=\"col-md-6\">\r\n                  <h3 class=\"medium-heading\">An\u00e1lisis t\u00e9cnico<\/h3>\r\n                  <p>Aprende el arte del an\u00e1lisis t\u00e9cnico, incluidos patrones de gr\u00e1ficos, indicadores y an\u00e1lisis de tendencias para tomar decisiones de trading m\u00e1s informadas.<\/p>\r\n                <\/div>\r\n              <\/div>\r\n            <\/div>\r\n          <\/div>\r\n        <\/div>\r\n\r\n        <div class=\"row mt-4\">\r\n        <div class=\"col-lg-6 mr-20\">\r\n          <div class=\"box\">\r\n            <div class=\"row\">\r\n              <div class=\"col-md-6\">\r\n                <img decoding=\"async\" src=\"\/wp-content\/themes\/website-theme\/images\/course-img-03.jpg\" class=\"img-fluid\" alt=\"...\">\r\n              <\/div>\r\n              <div class=\"col-md-6\">\r\n                <h3 class=\"medium-heading\">Ventaja comercial<\/h3>\r\n                <p>Obten una ventaja competitiva en el trading de con nuestros cursos especializados, dise\u00f1ados para mejorar tus habilidades e impulsar tu \u00e9xito en el mercado.<\/p>\r\n              <\/div>\r\n            <\/div>\r\n          <\/div>\r\n        <\/div>\r\n      \r\n          <div class=\"col-lg-6\">\r\n            <div class=\"box\">\r\n              <div class=\"row\">\r\n                <div class=\"col-md-6\">\r\n                  <img decoding=\"async\" src=\"\/wp-content\/themes\/website-theme\/images\/course-img-04.jpg\" class=\"img-fluid\" alt=\"...\">\r\n                <\/div>\r\n                <div class=\"col-md-6\">\r\n                  <h3 class=\"medium-heading\">Dominio del mercado<\/h3>\r\n                  <p>Logra el dominio del trading a trav\u00e9s de nuestros cursos integrales, dise\u00f1ados para brindarte estrategias y conocimientos avanzados.<\/p>\r\n                <\/div>\r\n              <\/div>\r\n            <\/div>\r\n          <\/div>\r\n        <\/div>\r\n      \r\n    <\/div>\r\n  <\/div>\r\n\r\n<\/div>\r\n\r\n\r\n","protected":false},"excerpt":{"rendered":"Aprende y crece con XMR-Markets: nuestros cursos de trading En XMR-Markets, creemos en brindar a nuestros clientes el conocimiento y las habilidades necesarios para tomar decisiones de trading informadas. Para ayudarte a alcanzar tus objetivos de trading, ofrecemos una variedad de cursos educativos dise\u00f1ados para atender tanto a operadores principiantes como experimentados. Comienza tu viaje &hellip;","protected":false},"author":1,"featured_media":0,"parent":0,"menu_order":0,"comment_status":"closed","ping_status":"closed","template":"fullwidth-page.php","meta":{"footnotes":""},"class_list":["post-759","page","type-page","status-publish","hentry"],"_links":{"self":[{"href":"https:\/\/www.xmrmarkets.com\/es\/wp-json\/wp\/v2\/pages\/759","targetHints":{"allow":["GET"]}}],"collection":[{"href":"https:\/\/www.xmrmarkets.com\/es\/wp-json\/wp\/v2\/pages"}],"about":[{"href":"https:\/\/www.xmrmarkets.com\/es\/wp-json\/wp\/v2\/types\/page"}],"author":[{"embeddable":true,"href":"https:\/\/www.xmrmarkets.com\/es\/wp-json\/wp\/v2\/users\/1"}],"replies":[{"embeddable":true,"href":"https:\/\/www.xmrmarkets.com\/es\/wp-json\/wp\/v2\/comments?post=759"}],"version-history":[{"count":3,"href":"https:\/\/www.xmrmarkets.com\/es\/wp-json\/wp\/v2\/pages\/759\/revisions"}],"predecessor-version":[{"id":1053,"href":"https:\/\/www.xmrmarkets.com\/es\/wp-json\/wp\/v2\/pages\/759\/revisions\/1053"}],"wp:attachment":[{"href":"https:\/\/www.xmrmarkets.com\/es\/wp-json\/wp\/v2\/media?parent=759"}],"curies":[{"name":"wp","href":"https:\/\/api.w.org\/{rel}","templated":true}]}}