{"id":1162,"date":"2023-06-08T06:02:18","date_gmt":"2023-06-08T06:02:18","guid":{"rendered":"http:\/\/www.xmrmarkets.com\/home\/"},"modified":"2024-02-08T06:48:27","modified_gmt":"2024-02-08T06:48:27","slug":"home","status":"publish","type":"page","link":"https:\/\/www.xmrmarkets.com\/pt-br\/","title":{"rendered":"In\u00edcio"},"content":{"rendered":"<div class=\"home-banner\">\r\n  <div class=\"content_block\" id=\"custom_post_widget-18\"><div id=\"carouselExampleIndicators\" class=\"carousel slide\" data-bs-ride=\"carousel\">\r\n  <div class=\"carousel-inner\">\r\n    \r\n    <div class=\"carousel-item active\">\r\n\t<div class=\"container\">\r\n\t  <div class=\"row\">\r\n\t\t<div class=\"col-lg-5\">\r\n\t\t  <h2>ASSUMA O CONTROLE DE<span> SUAS NEGOCIA\u00c7\u00d5ES<\/span><\/h2> \r\n\t\t  <p>CORRETORA LICENCIADA E SUPERVISIONADA<\/p>\r\n\t\t  <a href=\"https:\/\/webtrader.xmrmarkets.com\/?action=forexSignup\" class=\"common-btn\">Comece a negociar<\/a>\r\n\t\t<\/div>\r\n\t\t<div class=\"col-lg-7\">\r\n\t\t   <img decoding=\"async\" src=\"\/wp-content\/themes\/website-theme\/images\/banner.png\" class=\"img-fluid\" alt=\"...\">\r\n        <\/div>\r\n\t <\/div>\r\n\t<\/div>\r\n    <\/div>\r\n    <!-- <div class=\"carousel-item\">\r\n\t  <div class=\"container\">\r\n       <div class=\"row\">\r\n\t\t<div class=\"col-lg-5\">\r\n\t\t  <h2>Leaders in zero-commission trading platforms<\/h2> \r\n\t\t  <p>An award winning and leading provider of online foreign exchange(FX) trading, stocks, CFD trading, Crypto and related services worldwide.<\/p>\r\n\t\t  <a class=\"common-btn\" href=\"https:\/\/clientzone.xmrmarkets.com\/#\/login>Start Trading<\/a>\r\n\t\t<\/div>\r\n\t\t<div class=\"col-lg-7\">\r\n\t\t  <img decoding=\"async\" src=\"\/wp-content\/themes\/website-theme\/images\/banner-img02.jpg\" class=\"img-fluid\" alt=\"...\">\r\n        <\/div>\r\n\t   <\/div>\r\n\t   <\/div>\r\n    <\/div>\r\n    <div class=\"carousel-item\">\r\n\t    <div class=\"container\">\r\n       <div class=\"row\">\r\n\t\t<div class=\"col-lg-5\">\r\n\t\t  <h2>Leaders in zero-commission trading platforms<\/h2> \r\n\t\t  <p>An award winning and leading provider of online foreign exchange(FX) trading, stocks, CFD trading, Crypto and related services worldwide.<\/p>\r\n\t\t  <a class=\"common-btn\">Start Trading<\/a>\r\n\t\t<\/div>\r\n\t\t<div class=\"col-lg-7\">\r\n\t\t  <img decoding=\"async\" src=\"\/wp-content\/themes\/website-theme\/images\/banner-img03.jpg\" class=\"img-fluid\" alt=\"...\">\r\n        <\/div>\r\n\t   <\/div>\r\n\t   <\/div>\r\n    <\/div> -->\r\n  \r\n  <\/div>\r\n  <!-- <div class=\"carousel-indicators\">\r\n   <div class=\"container\">\r\n    <button type=\"button\" data-bs-target=\"#carouselExampleIndicators\" data-bs-slide-to=\"0\" class=\"active thumbnail\" aria-current=\"true\" aria-label=\"Slide 1\">\r\n      <img decoding=\"async\" src=\"\/wp-content\/themes\/website-theme\/images\/banner-img.jpg\" class=\"d-block w-100\" alt=\"...\">\r\n    <\/button>\r\n    <button type=\"button\" data-bs-target=\"#carouselExampleIndicators\" data-bs-slide-to=\"1\" class=\"thumbnail\" aria-label=\"Slide 2\">\r\n      <img decoding=\"async\" src=\"\/wp-content\/themes\/website-theme\/images\/banner-img02.jpg\" class=\"d-block w-100\" alt=\"...\">\r\n    <\/button>\r\n    <button type=\"button\" data-bs-target=\"#carouselExampleIndicators\" data-bs-slide-to=\"2\" class=\"thumbnail\" aria-label=\"Slide 3\">\r\n      <img decoding=\"async\" src=\"\/wp-content\/themes\/website-theme\/images\/banner-img03.jpg\" class=\"d-block w-100\" alt=\"...\">\r\n    <\/button>\r\n   <\/div>\r\n  <\/div> -->\r\n  \r\n\r\n<\/div>\r\n<\/div>\r\n<\/div>\r\n\r\n<div class=\"section hp-about-sec\">\r\n<div class=\"container\">\r\n  <div class=\"row\">\r\n\r\n<div class=\"col-lg-12 text-center\">\r\n  <h2>Sobre a XMR Markets<\/h2>\r\n  <p><b>A XMR Markets oferece a voc\u00ea uma execu\u00e7\u00e3o r\u00e1pida e negocia\u00e7\u00f5es lucrativas com spreads baixos<\/b><\/p>\r\n    <p>Criada por traders para traders, nossa plataforma se posiciona de forma exclusiva para antecipar suas necessidades de trading. Acreditamos no poder da experi\u00eancia compartilhada, e nossa plataforma reflete essa sabedoria coletiva, tornando suas atividades de negocia\u00e7\u00e3o mais simples e gratificantes.<\/p>\r\n<\/div>\r\n\r\n<div class=\"col-lg-12\">\r\n  <div class=\"hp-about-wrap\">\r\n     \r\n <div class=\"ab-box\">\r\n  <div class=\"ab-content\">\r\n    <h3>Contas que atendem \u00e0s suas necessidades de negocia\u00e7\u00e3o<\/h3> \r\n        <a href=\"#!\"><i class=\"fas fa-link\"><\/i><\/a>\r\n      <\/div>\r\n <\/div>\r\n     \r\n <div class=\"ab-box\">\r\n   <div class=\"ab-content\">\r\n     <h3>Recursos did\u00e1ticos<\/h3> \r\n     <p>O sucesso das negocia\u00e7\u00f5es est\u00e1 intimamente ligado ao conhecimento. \u00c9 por isso que temos uma rica biblioteca de materiais did\u00e1ticos, incluindo webinars, artigos e tutoriais.<\/p>\r\n       <\/div>\r\n <\/div>\r\n \r\n <div class=\"ab-box\">\r\n   <div class=\"ab-content\">\r\n     <h3>experi\u00eancia de negocia\u00e7\u00e3o de classe mundial<\/h3> \r\n     <p>No mundo da negocia\u00e7\u00e3o, cada segundo conta, e nossa plataforma oferece um desempenho e uma confiabilidade incompar\u00e1veis. Oferecemos ainda estruturas de taxas competitivas e transparentes para maximizar seus lucros.<\/p>\r\n       <\/div>\r\n <\/div>\r\n \r\n <div class=\"ab-box\">\r\n   <div class=\"ab-content\">\r\n    <h3>Atendimento ao cliente 5 estrelas<\/h3> \r\n    <p>Nossa equipe de atendimento ao cliente multil\u00edngue trabalha 24 horas por dia, 5 dias por semana para oferecer um n\u00edvel de suporte excepcional.<\/p>\r\n      <\/div>\r\n <\/div>\r\n \r\n   \r\n  <\/div>\r\n<\/div>\r\n\r\n<\/div>\r\n<\/div>\r\n<\/div>\r\n\r\n<div class=\"section mt4\">\r\n  <div class=\"container\">\r\n  <div class=\"row\">\r\n  <div class=\"col-lg-4\">\r\n   <div class=\"ht-box\">\r\n    <img decoding=\"async\" src=\"\/wp-content\/themes\/website-theme\/images\/6.png\" class=\"img-fluid\" alt=\"...\">\r\n     <h3>CLASSES <br>\r\n      DE ATIVOS<\/h3>\r\n       \r\n     <\/div>   \r\n  <\/div>\r\n  <div class=\"col-lg-4\">\r\n  <div class=\"ht-box \">\r\n    <img decoding=\"async\" src=\"\/wp-content\/themes\/website-theme\/images\/mt4.png\" class=\"img-fluid\" alt=\"...\" >\r\n    <h3>PLATAFORMAS DE NEGOCIA\u00c7\u00c3O <br>\r\n      DE PONTA\r\n<\/h3>\r\n      \r\n    <\/div>    \r\n  <\/div>\r\n  <div class=\"col-lg-4\">\r\n   <div class=\"ht-box\">\r\n    <img decoding=\"async\" src=\"\/wp-content\/themes\/website-theme\/images\/200.png\" class=\"img-fluid\" alt=\"...\">\r\n     <h3>INSTRUMENTOS <br>\r\n      NEGOCI\u00c1VEIS\r\n      <\/h3>\r\n     \r\n     <\/div>   \r\n  <\/div>\r\n  <\/div>\r\n  <\/div>\r\n  <\/div>\r\n\r\n<div class=\"section unlock\">\r\n  <div class=\"container\">\r\n    <div class=\"row\">\r\n      <div class=\"col-lg-6\">\r\n        <img decoding=\"async\" src=\"\/wp-content\/themes\/website-theme\/images\/S04-img.jpg\" class=\"img-fluid\" alt=\"...\">\r\n      <\/div>\r\n      <div class=\"col-lg-6\">\r\n        <h3><span class=\"primary-color\">Desbloqueie diversas <\/span>oportunidades de negocia\u00e7\u00e3o <\/h3>\r\n        <p>Na XMR Markets, oferecemos acesso a um mundo de oportunidades de negocia\u00e7\u00e3o por meio de CFDs (contratos por diferen\u00e7a). Com os CFDs, voc\u00ea pode negociar em seis classes de ativos diferentes, cada uma com seus benef\u00edcios e potencial de lucro. Explore essas classes de ativos conosco<\/p>\r\n        <div class=\"row mt-5\">\r\n          <div class=\"col-md-6\">\r\n            <div class=\"icon icon1\"><\/div>\r\n            <h4>CFDs de Forex (c\u00e2mbio)<\/h4>\r\n            <p>Acesse o maior e mais l\u00edquido mercado financeiro do mundo com nossos CFDs de Forex. Negocie pares de moedas principais, cruzadas e ex\u00f3ticas, beneficiando-se das taxas de c\u00e2mbio flutuantes.<\/p>\r\n          <\/div>\r\n          <div class=\"col-md-6\">\r\n            <div class=\"icon icon2\"><\/div>\r\n            <h4>CFDs de a\u00e7\u00f5es<\/h4>\r\n            <p>Negocie CFDs de algumas das empresas mais renomadas do mundo e desfrute da flexibilidade de abrir posi\u00e7\u00f5es de venda ou de compra sobre os pre\u00e7os de suas a\u00e7\u00f5es.<\/p>\r\n          <\/div>\r\n        <\/div>\r\n        <div class=\"row mt-5\">\r\n          <div class=\"col-md-6\">\r\n            <div class=\"icon icon3\"><\/div>\r\n            <h4>CFDs de commodities<\/h4>\r\n            <p>Diversifique sua estrat\u00e9gia de negocia\u00e7\u00e3o incluindo commodities como ouro, petr\u00f3leo, prata e muitas outras em seu portf\u00f3lio de CFDs. Assuma posi\u00e7\u00f5es de acordo com suas perspectivas de mercado e lucre com as flutua\u00e7\u00f5es de pre\u00e7os.<\/p>\r\n          <\/div>\r\n          <div class=\"col-md-6\">\r\n            <div class=\"icon icon4\"><\/div>\r\n            <h4>CFDs de \u00edndices<\/h4>\r\n            <p>Negocie CFDs sobre os principais \u00edndices de a\u00e7\u00f5es do mundo, incluindo o S&#038;P 500, Dow Jones, FTSE 100 e muitos outros. Fique exposto a movimentos mais amplos do mercado mediante os CFDs de \u00edndices.<\/p>\r\n          <\/div>\r\n        <\/div>\r\n        <div class=\"row mt-5\">\r\n          <!-- <div class=\"col-md-6\">\r\n            <div class=\"icon icon5\"><\/div>\r\n            <h4>CFDs de criptomoedas<\/h4>\r\n            <p>Entre no mundo dos ativos digitais com nossos CFDs de criptomoedas. Especule sobre os movimentos de pre\u00e7os de moedas como a Bitcoin e a Ethereum sem precisar de uma carteira de criptografia.<\/p>\r\n          <\/div> -->\r\n          <div class=\"col-md-6\">\r\n            <div class=\"icon icon6\"><\/div>\r\n            <h4>CFDs de fundos negociados em bolsa (ETFs)<\/h4>\r\n            <p>Os ETFs t\u00eam v\u00e1rias vantagens, incluindo liquidez, diversifica\u00e7\u00e3o e transpar\u00eancia, o que os torna uma op\u00e7\u00e3o popular tanto para investidores de varejo quanto para institucionais.<\/p>\r\n          <\/div>\r\n        <\/div>\r\n      <\/div>\r\n    <\/div>\r\n  <\/div>\r\n<\/div>\r\n  \r\n\r\n<div class=\"section number-section\">\r\n<div class=\"container\">\r\n<div class=\"row\">\r\n<div class=\"col-lg-4\">\r\n <div class=\"number-box\">\r\n     <img decoding=\"async\" src=\"\/wp-content\/themes\/website-theme\/images\/01.png\" class=\"img-fluid\" alt=\"...\">\r\n     <h3>Negocia\u00e7\u00e3o<\/h3>\r\n       <p>Acesse os maiores mercados mundiais, com uma conta adaptada \u00e0s suas necessidades.<\/p>\r\n   <\/div>     \r\n<\/div>\r\n<div class=\"col-lg-4\">\r\n<div class=\"number-box\">\r\n  <img decoding=\"async\" src=\"\/wp-content\/themes\/website-theme\/images\/02.png\" class=\"img-fluid\" alt=\"...\">\r\n  <h3>Desempenho<\/h3>\r\n    <p>Aproveite spreads a partir de zero, uma execu\u00e7\u00e3o ultrarr\u00e1pida e negocie com os melhores pre\u00e7os dispon\u00edveis.<\/p>\r\n  <\/div>      \r\n<\/div>\r\n<div class=\"col-lg-4\">\r\n <div class=\"number-box\">\r\n   <img decoding=\"async\" src=\"\/wp-content\/themes\/website-theme\/images\/03.png\" class=\"img-fluid\" alt=\"...\">\r\n   <h3>Seguran\u00e7a<\/h3>\r\n     <p>Como uma corretora regulada e licenciada globalmente, seus fundos s\u00e3o totalmente segregados e est\u00e3o protegidos conosco.<\/p>\r\n   <\/div>     \r\n<\/div>\r\n<\/div>\r\n<\/div>\r\n<\/div>\r\n\r\n<div class=\"section green-section\">\r\n<div class=\"container\">\r\n<div class=\"row\">\r\n  <h2>Una for\u00e7as com uma corretora l\u00edder global e comece<br> a extrair mais valor dos mercados.<\/h2>\r\n  <p>Com um suporte ao cliente amig\u00e1vel, as mais recentes tecnologias e v\u00e1rios tipos de conta, temos tudo o que voc\u00ea precisa para come\u00e7ar a negociar melhor.<\/p>\r\n<\/div>\r\n<\/div>\r\n<\/div>\r\n\r\n\r\n<div class=\"section knowledg\">\r\n  <div class=\"container\">\r\n    <div class=\"text-center\">\r\n      <h2><span class=\"primary-color\">XMR Markets:<\/span><br> Onde o conhecimento potencializa suas negocia\u00e7\u00f5es<\/h2>\r\n      <p>Na XMR Markets, acreditamos firmemente que o conhecimento \u00e9 a for\u00e7a motriz das negocia\u00e7\u00f5es bem-sucedidas. Em um mundo onde os mercados est\u00e3o em constante evolu\u00e7\u00e3o, estar informado n\u00e3o \u00e9 apenas uma vantagem: \u00e9 uma necessidade. Descubra como priorizamos o conhecimento para beneficiar nossos clientes<\/p>\r\n      <div class=\"row mt-5\">\r\n        <div class=\"col-lg-4 mr-20\">\r\n          <div class=\"box img\">\r\n            <img decoding=\"async\" src=\"\/wp-content\/themes\/website-theme\/images\/S07-img-01.png\" class=\"img-fluid\" alt=\"...\">\r\n          <\/div>\r\n        <\/div>\r\n        <div class=\"col-lg-4 mr-20\">\r\n          <div class=\"box\">\r\n            <h3>Enfatizando o papel do conhecimento na negocia\u00e7\u00e3o<\/h3>\r\n            <p>Na XMR Markets, acreditamos firmemente que o conhecimento \u00e9 a for\u00e7a motriz das negocia\u00e7\u00f5es bem-sucedidas. Em um mundo onde os mercados est\u00e3o em constante evolu\u00e7\u00e3o, estar informado n\u00e3o \u00e9 apenas uma vantagem: \u00e9 uma necessidade absoluta.<\/p>\r\n          <\/div>\r\n        <\/div>\r\n        <div class=\"col-lg-4\">\r\n          <div class=\"box img\">\r\n            <img decoding=\"async\" src=\"\/wp-content\/themes\/website-theme\/images\/S07-img-02.png\" class=\"img-fluid\" alt=\"...\">\r\n          <\/div>\r\n        <\/div>\r\n      <\/div>\r\n      <div class=\"row mt-4\">\r\n        <div class=\"col-lg-4 mr-20\">\r\n          <div class=\"box\">\r\n            <h3>Adapta\u00e7\u00e3o das estrat\u00e9gias aos n\u00edveis de conhecimento individuais<\/h3>\r\n            <p>Na XMR Markets, sabemos que os negociadores t\u00eam n\u00edveis variados de conhecimento e experi\u00eancia. \u00c9 por isso que oferecemos orienta\u00e7\u00e3o personalizada e recursos did\u00e1ticos, tanto para iniciantes, que est\u00e3o come\u00e7ando sua jornada, como para traders experientes, que buscam aprimorar suas habilidades.<\/p>\r\n          <\/div>\r\n        <\/div>\r\n        <div class=\"col-lg-4  mr-20\">\r\n         \r\n          <div class=\"box img\">\r\n            <img decoding=\"async\" src=\"\/wp-content\/themes\/website-theme\/images\/S07-img-03.png\" class=\"img-fluid\" alt=\"...\">\r\n          <\/div>\r\n        <\/div>\r\n        <div class=\"col-lg-4\">\r\n          <div class=\"box\">\r\n            <h3>Capacitando os clientes com conhecimento especializado<\/h3>\r\n            <p>Nosso compromisso \u00e9 dotar nossos clientes do conhecimento necess\u00e1rio para tomarem decis\u00f5es de negocia\u00e7\u00e3o informadas. Acreditamos que um operador informado \u00e9 um operador confiante, e que a confian\u00e7a \u00e9 a chave para navegar nas \u00e1guas muitas vezes turbulentas do trading.<\/p>\r\n          <\/div>\r\n        <\/div>\r\n      <\/div>\r\n    <\/div>\r\n  <\/div>\r\n<\/div>\r\n","protected":false},"excerpt":{"rendered":"Sobre a XMR Markets A XMR Markets oferece a voc\u00ea uma execu\u00e7\u00e3o r\u00e1pida e negocia\u00e7\u00f5es lucrativas com spreads baixos Criada por traders para traders, nossa plataforma se posiciona de forma exclusiva para antecipar suas necessidades de trading. Acreditamos no poder da experi\u00eancia compartilhada, e nossa plataforma reflete essa sabedoria coletiva, tornando suas atividades de negocia\u00e7\u00e3o &hellip;","protected":false},"author":1,"featured_media":0,"parent":0,"menu_order":0,"comment_status":"closed","ping_status":"closed","template":"homepage.php","meta":{"footnotes":""},"class_list":["post-1162","page","type-page","status-publish","hentry"],"_links":{"self":[{"href":"https:\/\/www.xmrmarkets.com\/pt-br\/wp-json\/wp\/v2\/pages\/1162","targetHints":{"allow":["GET"]}}],"collection":[{"href":"https:\/\/www.xmrmarkets.com\/pt-br\/wp-json\/wp\/v2\/pages"}],"about":[{"href":"https:\/\/www.xmrmarkets.com\/pt-br\/wp-json\/wp\/v2\/types\/page"}],"author":[{"embeddable":true,"href":"https:\/\/www.xmrmarkets.com\/pt-br\/wp-json\/wp\/v2\/users\/1"}],"replies":[{"embeddable":true,"href":"https:\/\/www.xmrmarkets.com\/pt-br\/wp-json\/wp\/v2\/comments?post=1162"}],"version-history":[{"count":5,"href":"https:\/\/www.xmrmarkets.com\/pt-br\/wp-json\/wp\/v2\/pages\/1162\/revisions"}],"predecessor-version":[{"id":1363,"href":"https:\/\/www.xmrmarkets.com\/pt-br\/wp-json\/wp\/v2\/pages\/1162\/revisions\/1363"}],"wp:attachment":[{"href":"https:\/\/www.xmrmarkets.com\/pt-br\/wp-json\/wp\/v2\/media?parent=1162"}],"curies":[{"name":"wp","href":"https:\/\/api.w.org\/{rel}","templated":true}]}}