{"id":1196,"date":"2023-06-14T12:16:17","date_gmt":"2023-06-14T12:16:17","guid":{"rendered":"http:\/\/www.xmrmarkets.com\/account-types\/"},"modified":"2024-02-14T10:21:52","modified_gmt":"2024-02-14T10:21:52","slug":"account-types","status":"publish","type":"page","link":"https:\/\/www.xmrmarkets.com\/pt-br\/account-types\/","title":{"rendered":"Tipos de contas"},"content":{"rendered":"<div class=\"innerpage-wrap Account-pg\">\r\n  <div class=\"container\">\r\n  <div class=\"row\">\r\n    <div class=\"acc-type\">\r\n      <div class=\"account-wrapp\">\r\n        <ul class=\"accnt-list list-group-right border-list\">\r\n         \r\n          <li class=\"inner-list-item\">Atualiza\u00e7\u00f5es<\/li>\r\n          <li class=\"inner-list-item\">Pontos de fidelidade<\/li>\r\n          <li class=\"inner-list-item\">Acesso<\/li>\r\n          <li class=\"inner-list-item\">Alavancagem<\/li>\r\n          <li class=\"inner-list-item\">Spread<\/li>\r\n          <li class=\"inner-list-item\">Cr\u00e9dito da empresa de acordo com os Termos e Condi\u00e7\u00f5es<\/li>\r\n          <li class=\"inner-list-item\">Acesso ao webinar semanal<\/li>\r\n          <li class=\"inner-list-item\">Acesso ao webinar di\u00e1rio + e-book<\/li>\r\n          <li class=\"inner-list-item\">Full Academy + Treinamento de analistas<\/li>\r\n          <li class=\"inner-list-item\">Full Academy + Sess\u00f5es de analistas sob demanda<\/li>\r\n          <li class=\"inner-list-item\">Full Academy Pro + Analista pessoal dedicado<\/li>\r\n          <li class=\"inner-list-item\">Fa\u00e7a upgrade de sua conta<\/li>\r\n    <\/ul>\r\n      <\/div>\r\n    <\/div>\r\n    <div class=\"acc-type\">\r\n      <div class=\"account-wrapp\">\r\n        <ul class=\"accnt-list list-group-right border-list\">\r\n          <li class=\"inner-list-item\">\r\n            <div class=\"gradient-box\">\r\n            <div class=\"title-box\">\r\n              <span>CONTA VERDE<\/span>\r\n            <\/div>\r\n            <\/div>\r\n            <div class=\"pack\">$5,000<\/div>\r\n          <\/li>\r\n          <li class=\"inner-list-item\"><span class=\"mobile-ver\">Atualiza\u00e7\u00f5es<\/span>Atualiza\u00e7\u00f5es e an\u00e1lises di\u00e1rias do mercado<\/li>\r\n          <li class=\"inner-list-item\"><span class=\"mobile-ver\">Pontos de fidelidade<\/span>&#8211;<\/li>\r\n          <li class=\"inner-list-item\"><span class=\"mobile-ver\">Acesso<\/span>Especialista em negocia\u00e7\u00e3o<\/li>\r\n          <li class=\"inner-list-item\"><span class=\"mobile-ver\">Alavancagem<\/span>200<\/li>\r\n          <li class=\"inner-list-item\"><span class=\"mobile-ver\">Spread<\/span>2.5 \u2013 3<\/li>\r\n          <li class=\"inner-list-item\"><span class=\"mobile-ver\">Cr\u00e9dito da empresa de acordo com os Termos e Condi\u00e7\u00f5es<\/span>At\u00e9 5%<\/li>\r\n          <li class=\"inner-list-item\"><span class=\"mobile-ver\">Acesso ao webinar semanal<\/span><span class=\"icon check\"><\/span><\/li>\r\n          <li class=\"inner-list-item\"><span class=\"mobile-ver\">Acesso ao webinar di\u00e1rio + e-book<\/span>&#8211;<\/li>\r\n          <li class=\"inner-list-item\"><span class=\"mobile-ver\">Full Academy + Treinamento de analistas<\/span>&#8211;<\/li>\r\n          <li class=\"inner-list-item\"><span class=\"mobile-ver\">Full Academy + Sess\u00f5es de analistas sob demanda<\/span>&#8211;<\/li>\r\n          <li class=\"inner-list-item\"><span class=\"mobile-ver\">Full Academy Pro + Analista pessoal dedicado<\/span>Full academy Pro + dedicated personal analyst<\/li>\r\n          <li class=\"inner-list-item\"><span class=\"mobile-ver\">Fa\u00e7a upgrade de sua conta<\/span>Atualize para a conta Premium com um faturamento de 25 M<\/li>\r\n    <\/ul>\r\n      <\/div>\r\n    <\/div>\r\n\r\n    <div class=\"acc-type\">\r\n      <div class=\"account-wrapp\">\r\n        <ul class=\"accnt-list list-group-right border-list\">\r\n          <li class=\"inner-list-item gradient-box\">\r\n           <div class=\"gradient-box\">\r\n            <div class=\"title-box\">\r\n\t\t\t<span>CONTA PREMIUM<\/span>\r\n            <\/div>\r\n            <\/div>\r\n            <div class=\"pack\">$15,000<\/div>\r\n          <\/li>\r\n          <li class=\"inner-list-item\"><span class=\"mobile-ver\">Atualiza\u00e7\u00f5es<\/span>Recomenda\u00e7\u00f5es semanais de negocia\u00e7\u00e3o<\/li>\r\n          <li class=\"inner-list-item\"><span class=\"mobile-ver\">Pontos de fidelidade<\/span>&#8211;<\/li>\r\n          <li class=\"inner-list-item\"><span class=\"mobile-ver\">Acesso<\/span>Trade Expert<\/li>\r\n          <li class=\"inner-list-item\"><span class=\"mobile-ver\">Alavancagem<\/span>200<\/li>\r\n          <li class=\"inner-list-item\"><span class=\"mobile-ver\">Spread<\/span>2 \u2013 2.5<\/li>\r\n          <li class=\"inner-list-item\"><span class=\"mobile-ver\">Cr\u00e9dito da empresa de acordo com os Termos e Condi\u00e7\u00f5es<\/span>At\u00e9 15%<\/li>\r\n          <li class=\"inner-list-item\"><span class=\"mobile-ver\">Acesso ao webinar semanal<\/span><span class=\"icon check\"><\/span><\/li>\r\n          <li class=\"inner-list-item\"><span class=\"mobile-ver\">Acesso ao webinar di\u00e1rio + e-book<\/span><span class=\"icon check\"><\/span><\/li>\r\n          <li class=\"inner-list-item\"><span class=\"mobile-ver\">Full Academy + Treinamento de analistas<\/span>&#8211;<\/li>\r\n          <li class=\"inner-list-item\"><span class=\"mobile-ver\">Full Academy + Sess\u00f5es de analistas sob demanda<\/span>&#8211;<\/li>\r\n          <li class=\"inner-list-item\"><span class=\"mobile-ver\">Full Academy Pro + Analista pessoal dedicado<\/span>Full academy Pro + dedicated personal analyst<\/li>\r\n          <li class=\"inner-list-item\"><span class=\"mobile-ver\">Fa\u00e7a upgrade de sua conta<\/span>Atualize para a conta Premium com um faturamento de 75 M<\/li>\r\n        <\/ul>\r\n      <\/div>\r\n    <\/div>\r\n\t\r\n    <div class=\"acc-type\">\r\n      <div class=\"account-wrapp\">\r\n        <ul class=\"accnt-list list-group-right border-list\">\r\n          <li class=\"inner-list-item gradient-box\">\r\n            <div class=\"gradient-box\">\r\n             <div class=\"title-box\">\r\n              <span>CONTA PLATINA<\/span>\r\n             <\/div>\r\n            <\/div>\r\n            <div class=\"pack\">$50,000<\/div>\r\n          <\/li>\r\n          <li class=\"inner-list-item\"><span class=\"mobile-ver\">Atualiza\u00e7\u00f5es<\/span>Recomenda\u00e7\u00f5es di\u00e1rias de negocia\u00e7\u00e3o<\/li>\r\n          <li class=\"inner-list-item\"><span class=\"mobile-ver\">Pontos de fidelidade<\/span>\r\n            <div class=\"d-flex align-items-center\">\r\n            <span class=\"icon check\"><\/span>x1.3\r\n            <\/div>\r\n          <\/li>\r\n          <li class=\"inner-list-item\"><span class=\"mobile-ver\">Acesso<\/span>Especialista de negocia\u00e7\u00e3o premium<\/li>\r\n          <li class=\"inner-list-item\"><span class=\"mobile-ver\">Alavancagem<\/span>200<\/li>\r\n          <li class=\"inner-list-item\"><span class=\"mobile-ver\">Spread<\/span>1.5 \u2013 2<\/li>\r\n          <li class=\"inner-list-item\"><span class=\"mobile-ver\">Cr\u00e9dito da empresa de acordo com os Termos e Condi\u00e7\u00f5es<\/span>At\u00e9 20%<\/li>\r\n          <li class=\"inner-list-item\"><span class=\"mobile-ver\">Acesso ao webinar semanal<\/span><span class=\"icon check\"><\/span><\/li>\r\n          <li class=\"inner-list-item\"><span class=\"mobile-ver\">Acesso ao webinar di\u00e1rio + e-book<\/span><span class=\"icon check\"><\/span><\/li>\r\n          <li class=\"inner-list-item\"><span class=\"mobile-ver\">Full Academy + Treinamento de analistas<\/span><span class=\"icon check\"><\/span><\/li>\r\n          <li class=\"inner-list-item\"><span class=\"mobile-ver\">Full Academy + Sess\u00f5es de analistas sob demanda<\/span>&#8211;<\/li>\r\n          <li class=\"inner-list-item\"><span class=\"mobile-ver\">Full Academy Pro + Dedicated Personal Analyst<\/span>Full Academy Pro + Analista pessoal dedicado<\/li>\r\n          <li class=\"inner-list-item\"><span class=\"mobile-ver\">Fa\u00e7a upgrade de sua conta<\/span>Atualize para a conta Premium com um faturamento de 100 M<\/li>\r\n        <\/ul>\r\n      <\/div>\r\n    <\/div>\r\n  \r\n   <div class=\"acc-type\">\r\n      <div class=\"account-wrapp\">\r\n        <ul class=\"accnt-list list-group-right border-list\">\r\n          <li class=\"inner-list-item gradient-box\">\r\n            <div class=\"gradient-box\">\r\n            <div class=\"title-box\">\r\n              <span>CONTA EXECUTIVA<\/span>\r\n            <\/div>\r\n            <\/div>\r\n            <div class=\"pack\">$100,000<\/div>\r\n          <\/li>\r\n          <li class=\"inner-list-item\"><span class=\"mobile-ver\">Atualiza\u00e7\u00f5es<\/span>Recomenda\u00e7\u00f5es de negocia\u00e7\u00e3o por hora<\/li>\r\n          <li class=\"inner-list-item\"><span class=\"mobile-ver\">Pontos de fidelidade<\/span>\r\n            <div class=\"d-flex align-items-center\">\r\n              <span class=\"icon check\"><\/span>x1.3\r\n              <\/div>\r\n          <\/li>\r\n          <li class=\"inner-list-item\"><span class=\"mobile-ver\">Acesso<\/span>Specialised Trade Expert\u2018s Team<\/li>\r\n          <li class=\"inner-list-item\"><span class=\"mobile-ver\">Alavancagem<\/span>200<\/li>\r\n          <li class=\"inner-list-item\"><span class=\"mobile-ver\">Spread<\/span>1 \u2013 1.5<\/li>\r\n          <li class=\"inner-list-item\"><span class=\"mobile-ver\">Cr\u00e9dito da empresa de acordo com os Termos e Condi\u00e7\u00f5es<\/span>At\u00e9 25%<\/li>\r\n          <li class=\"inner-list-item\"><span class=\"mobile-ver\">Acesso ao webinar semanal<\/span><span class=\"icon check\"><\/span><\/li>\r\n          <li class=\"inner-list-item\"><span class=\"mobile-ver\">Acesso ao webinar di\u00e1rio + e-book<\/span><span class=\"icon check\"><\/span><\/li>\r\n          <li class=\"inner-list-item\"><span class=\"mobile-ver\">Full Academy + Treinamento de analistas<\/span><span class=\"icon check\"><\/span><\/li>\r\n          <li class=\"inner-list-item\"><span class=\"mobile-ver\">Full Academy + Sess\u00f5es de analistas sob demanda<\/span><span class=\"icon check\"><\/span><\/li>\r\n          <li class=\"inner-list-item\"><span class=\"mobile-ver\">Full Academy Pro + Analista pessoal dedicado<\/span>Full academy Pro + dedicated personal analyst<\/li>\r\n          <li class=\"inner-list-item\"><span class=\"mobile-ver\">Fa\u00e7a upgrade de sua conta<\/span>Atualize para a conta Premium com um faturamento de 150 M<\/li>\r\n        <\/ul>\r\n      <\/div>\r\n    <\/div>\r\n\r\n\r\n    <div class=\"acc-type\">\r\n      <div class=\"account-wrapp\">\r\n        <ul class=\"accnt-list list-group-right border-list\">\r\n          <li class=\"inner-list-item gradient-box\">\r\n             <div class=\"gradient-box\">\r\n             <div class=\"title-box\">\r\n               <span>CONTA VIP<\/span>\r\n             <\/div>\r\n             <\/div>\r\n             <div class=\"pack\">$250,000<\/div>\r\n          <\/li>\r\n          <li class=\"inner-list-item\"><span class=\"mobile-ver\">Atualiza\u00e7\u00f5es<\/span>Feed de recomenda\u00e7\u00f5es ao vivo<\/li>\r\n          <li class=\"inner-list-item\"><span class=\"mobile-ver\">Pontos de fidelidade<\/span>Programa de pontos de fidelidade personalizado<\/li>\r\n          <li class=\"inner-list-item\"><span class=\"mobile-ver\">Acesso<\/span>Equipe presidencial de especialistas<\/li>\r\n          <li class=\"inner-list-item\"><span class=\"mobile-ver\">Alavancagem<\/span>Alavancagem sob medida<\/li>\r\n          <li class=\"inner-list-item\"><span class=\"mobile-ver\">Spread<\/span>0.5 \u2013 1<\/li>\r\n          <li class=\"inner-list-item\"><span class=\"mobile-ver\">Cr\u00e9dito da empresa de acordo com os Termos e Condi\u00e7\u00f5es<\/span>Up to 25%<\/li>\r\n          <li class=\"inner-list-item\"><span class=\"mobile-ver\">Acesso ao webinar semanal<\/span><span class=\"icon check\"><\/span><\/li>\r\n          <li class=\"inner-list-item\"><span class=\"mobile-ver\">Acesso ao webinar di\u00e1rio + e-book<\/span><span class=\"icon check\"><\/span><\/li>\r\n          <li class=\"inner-list-item\"><span class=\"mobile-ver\">Full Academy + Treinamento de analistas<\/span><span class=\"icon check\"><\/span><\/li>\r\n          <li class=\"inner-list-item\"><span class=\"mobile-ver\">Full Academy + Sess\u00f5es de analistas sob demanda<\/span><span class=\"icon check\"><\/span><\/li>\r\n          <li class=\"inner-list-item\"><span class=\"mobile-ver\">Full Academy Pro + Analista pessoal dedicado<\/span><span class=\"icon check\"><\/span><\/li>\r\n          <li class=\"inner-list-item\"><span class=\"mobile-ver\">Fa\u00e7a upgrade de sua conta<\/span>Benef\u00edcios personalizados para marcos de rotatividade<\/li>\r\n         <\/ul>\r\n      <\/div>\r\n    <\/div>  \r\n<p style=\"margin-top:14px; font-size: 14px;\">(*) Client acknowledges that as per terms and conditions the company and its representatives do not provide any investment advice <\/p>\t \r\n   <\/div>\r\n   <\/div>\r\n<\/div>\r\n","protected":false},"excerpt":{"rendered":"Atualiza\u00e7\u00f5es Pontos de fidelidade Acesso Alavancagem Spread Cr\u00e9dito da empresa de acordo com os Termos e Condi\u00e7\u00f5es Acesso ao webinar semanal Acesso ao webinar di\u00e1rio + e-book Full Academy + Treinamento de analistas Full Academy + Sess\u00f5es de analistas sob demanda Full Academy Pro + Analista pessoal dedicado Fa\u00e7a upgrade de sua conta CONTA VERDE &hellip;","protected":false},"author":1,"featured_media":0,"parent":0,"menu_order":0,"comment_status":"closed","ping_status":"closed","template":"fullwidth-page.php","meta":{"footnotes":""},"class_list":["post-1196","page","type-page","status-publish","hentry"],"_links":{"self":[{"href":"https:\/\/www.xmrmarkets.com\/pt-br\/wp-json\/wp\/v2\/pages\/1196","targetHints":{"allow":["GET"]}}],"collection":[{"href":"https:\/\/www.xmrmarkets.com\/pt-br\/wp-json\/wp\/v2\/pages"}],"about":[{"href":"https:\/\/www.xmrmarkets.com\/pt-br\/wp-json\/wp\/v2\/types\/page"}],"author":[{"embeddable":true,"href":"https:\/\/www.xmrmarkets.com\/pt-br\/wp-json\/wp\/v2\/users\/1"}],"replies":[{"embeddable":true,"href":"https:\/\/www.xmrmarkets.com\/pt-br\/wp-json\/wp\/v2\/comments?post=1196"}],"version-history":[{"count":9,"href":"https:\/\/www.xmrmarkets.com\/pt-br\/wp-json\/wp\/v2\/pages\/1196\/revisions"}],"predecessor-version":[{"id":1409,"href":"https:\/\/www.xmrmarkets.com\/pt-br\/wp-json\/wp\/v2\/pages\/1196\/revisions\/1409"}],"wp:attachment":[{"href":"https:\/\/www.xmrmarkets.com\/pt-br\/wp-json\/wp\/v2\/media?parent=1196"}],"curies":[{"name":"wp","href":"https:\/\/api.w.org\/{rel}","templated":true}]}}