{"id":1198,"date":"2023-06-13T14:26:05","date_gmt":"2023-06-13T14:26:05","guid":{"rendered":"http:\/\/www.xmrmarkets.com\/commodities\/"},"modified":"2024-01-10T13:24:54","modified_gmt":"2024-01-10T13:24:54","slug":"commodities","status":"publish","type":"page","link":"https:\/\/www.xmrmarkets.com\/pt-br\/commodities\/","title":{"rendered":"Commodities"},"content":{"rendered":"<div class=\"innerpage-wrap trading-inner-page\">\r\n\r\n <div class=\"tip-top\">\r\n  <div class=\"container\">\r\n   <div class=\"row\">\r\n     <div class=\"col-lg-5\">\r\n<h3>Cultivando a riqueza: explorando a din\u00e2mica dos mercados de commodities e o papel dos CFDs<\/h3>\r\n       <p>O termo &#8220;commodities&#8221; se refere a recursos naturais que s\u00e3o derivados da Natureza e usados principalmente como mat\u00e9ria-prima de outros produtos. Nesse sentido, as commodities s\u00e3o recursos que acabam sendo consumidos, como \u00e9 o caso do petr\u00f3leo ou do ouro. Cada mercado de commodities tem seus ciclos espec\u00edficos, determinados pela oferta e demanda.<\/p>\r\n     <\/div>\r\n\t <div class=\"col-lg-7\">\r\n\t   <img decoding=\"async\" class=\"img-fluid\" src=\"\/wp-content\/themes\/website-theme\/images\/comm-img-01.jpg\" alt=\"\">\r\n     <\/div>\r\n   <\/div>\r\n <\/div>\r\n <\/div>\r\n \r\n  <div class=\"tip-middle\">\r\n   <div class=\"container\">\r\n   <div class=\"row\">\r\n     <div class=\"col-lg-12\">\r\n      <h3>Por que negociar commodities conosco?<\/h3>\r\n      <p>O mercado de commodities est\u00e1 repleto de oportunidades de negocia\u00e7\u00e3o interessantes. Abrangendo dezenas de bens valiosos, de a\u00e7\u00facar e caf\u00e9 at\u00e9 petr\u00f3leo e g\u00e1s, o trading de commodities se torna uma arena \u00fanica para a diversifica\u00e7\u00e3o de portf\u00f3lios.<\/p>\r\n\t  <p>Use aqui suas oportunidades de negocia\u00e7\u00e3o de CFDs, sem se envolver no mercado em si.<\/p>\r\n     <\/div>\r\n   <\/div>\r\n <\/div>\r\n <\/div>\r\n \r\n <div class=\"tip-bottom\">\r\n   <div class=\"container\">\r\n   <div class=\"row\">\r\n     <div class=\"col-lg-5\">\r\n\t   <img decoding=\"async\" class=\"img-fluid mb-3\" src=\"\/wp-content\/themes\/website-theme\/images\/comm-img-02.png\" alt=\"\">\r\n     <\/div>\r\n\t <div class=\"col-lg-7\">\r\n      <h3>O QUE S\u00c3O CONTRATOS POR DIFEREN\u00c7A?<\/h3>\r\n      <p>Antes de nos aprofundarmos nas commodities e em outras classes de ativos de CFDs, \u00e9 importante explicar o que s\u00e3o CFDs. Contratos por diferen\u00e7a (CFDs) s\u00e3o produtos derivativos que permitem que voc\u00ea negocie o movimento de pre\u00e7os de ativos financeiros subjacentes (como as commodities).<\/p>\r\n\t  <p>Um CFD \u00e9 um acordo para trocar a diferen\u00e7a do valor de um ativo desde o momento em que o contrato \u00e9 aberto at\u00e9 ao momento em que \u00e9 fechado. O que \u00e9 importante entender \u00e9 que, ao negociar um CFD, voc\u00ea nunca possui de fato o ativo ou instrumento que escolheu negociar, mas ainda pode lucrar se o mercado se mover a seu favor ou ter preju\u00edzo se o mercado se mover contra voc\u00ea.<\/p>\r\n\t  <p>Em nossas plataformas, voc\u00ea pode negociar CFDs sobre as commodities mais populares do mundo. As mais comuns s\u00e3o o ouro e o petr\u00f3leo, que t\u00eam uma coisa muito importante em comum: em algum momento da Hist\u00f3ria, as pessoas escolheram um peso e uma moeda espec\u00edficos para negoci\u00e1-los.<\/p>\r\n    <\/div>\r\n   <\/div>\r\n <\/div>\r\n <\/div>\r\n \r\n\r\n<\/div>\r\n","protected":false},"excerpt":{"rendered":"Cultivando a riqueza: explorando a din\u00e2mica dos mercados de commodities e o papel dos CFDs O termo &#8220;commodities&#8221; se refere a recursos naturais que s\u00e3o derivados da Natureza e usados principalmente como mat\u00e9ria-prima de outros produtos. Nesse sentido, as commodities s\u00e3o recursos que acabam sendo consumidos, como \u00e9 o caso do petr\u00f3leo ou do ouro. &hellip;","protected":false},"author":1,"featured_media":0,"parent":0,"menu_order":0,"comment_status":"closed","ping_status":"closed","template":"fullwidth-page.php","meta":{"footnotes":""},"class_list":["post-1198","page","type-page","status-publish","hentry"],"_links":{"self":[{"href":"https:\/\/www.xmrmarkets.com\/pt-br\/wp-json\/wp\/v2\/pages\/1198","targetHints":{"allow":["GET"]}}],"collection":[{"href":"https:\/\/www.xmrmarkets.com\/pt-br\/wp-json\/wp\/v2\/pages"}],"about":[{"href":"https:\/\/www.xmrmarkets.com\/pt-br\/wp-json\/wp\/v2\/types\/page"}],"author":[{"embeddable":true,"href":"https:\/\/www.xmrmarkets.com\/pt-br\/wp-json\/wp\/v2\/users\/1"}],"replies":[{"embeddable":true,"href":"https:\/\/www.xmrmarkets.com\/pt-br\/wp-json\/wp\/v2\/comments?post=1198"}],"version-history":[{"count":3,"href":"https:\/\/www.xmrmarkets.com\/pt-br\/wp-json\/wp\/v2\/pages\/1198\/revisions"}],"predecessor-version":[{"id":1277,"href":"https:\/\/www.xmrmarkets.com\/pt-br\/wp-json\/wp\/v2\/pages\/1198\/revisions\/1277"}],"wp:attachment":[{"href":"https:\/\/www.xmrmarkets.com\/pt-br\/wp-json\/wp\/v2\/media?parent=1198"}],"curies":[{"name":"wp","href":"https:\/\/api.w.org\/{rel}","templated":true}]}}