{"id":1204,"date":"2023-10-20T08:51:23","date_gmt":"2023-10-20T08:51:23","guid":{"rendered":"http:\/\/www.xmrmarkets.com\/etfs\/"},"modified":"2024-01-10T13:29:34","modified_gmt":"2024-01-10T13:29:34","slug":"etfs","status":"publish","type":"page","link":"https:\/\/www.xmrmarkets.com\/pt-br\/etfs\/","title":{"rendered":"ETFs"},"content":{"rendered":"<div class=\"innerpage-wrap trading-inner-page\">\r\n\r\n  <div class=\"tip-top\">\r\n   <div class=\"container\">\r\n    <div class=\"row\">\r\n      <div class=\"col-lg-6\">\r\n        <h2>Diversifique seu portf\u00f3lio com CFDs de ETFs na XMR Markets<\/h2>\r\n         <p>Na XMR Markets, entendemos a import\u00e2ncia da diversifica\u00e7\u00e3o e do acesso a uma ampla gama de op\u00e7\u00f5es de investimento. Os fundos negociados em bolsa (ETFs) s\u00e3o uma maneira conveniente e econ\u00f4mica de obter essa diversifica\u00e7\u00e3o, e temos o prazer de oferecer a voc\u00ea a oportunidade de explorar e investir nesses instrumentos financeiros vers\u00e1teis.<\/p>\r\n      <\/div>\r\n    <div class=\"col-lg-6\">\r\n      <img decoding=\"async\" class=\"img-fluid\" src=\"\/wp-content\/themes\/website-theme\/images\/ETF-img-01.jpg\" alt=\"\">\r\n      <\/div>\r\n    <\/div>\r\n  <\/div>\r\n  <\/div>\r\n  \r\n   <div class=\"tip-middle\">\r\n    <div class=\"container\">\r\n    <div class=\"row\">\r\n    \r\n    \r\n    <div class=\"col-lg-6\">\r\n       <div class=\"tip-middle-box\">       \r\n         <h3>Diversifique seus investimentos hoje mesmo<\/h3>\r\n          <p>A diversifica\u00e7\u00e3o \u00e9 um princ\u00edpio fundamental dos investimentos de \u00eaxito, e os ETFs s\u00e3o uma ferramenta valiosa para alcan\u00e7\u00e1-la. A XMR Markets tem o compromisso de ajud\u00e1-lo a diversificar seu portf\u00f3lio e a navegar pelo mundo dos ETFs.<\/p>\r\n          <p>Comece a explorar nossa gama de ETFs hoje mesmo e d\u00ea o primeiro passo para a cria\u00e7\u00e3o de um portf\u00f3lio de investimentos mais diversificado e resiliente. <\/p>         \r\n     <\/div>\r\n    <\/div>\r\n    \r\n    <div class=\"col-lg-6\">\r\n     <div class=\"tip-middle-box\">\r\n       \r\n        <h3>Investindo em ETFs na XMR Markets: abra-se para as possibilidades com os CFDs<\/h3>\r\n        <p>A XMR Markets oferece uma sele\u00e7\u00e3o diversificada de fundos negociados em bolsa (ETFs) para atender \u00e0s necessidades e prefer\u00eancias exclusivas de seus clientes. Esses instrumentos financeiros vers\u00e1teis oferecem exposi\u00e7\u00e3o a uma ampla gama de classes de ativos, setores e regi\u00f5es. Entretanto, nosso compromisso de aprimorar sua experi\u00eancia de investimento vai mais longe com a ado\u00e7\u00e3o dos contratos por diferen\u00e7a (CFDs).<\/p>\r\n      <\/div>\r\n    <\/div>\r\n   \r\n    \r\n    <\/div>\r\n  <\/div>\r\n  <\/div>\r\n  \r\n  <div class=\"tip-bottom\">\r\n    <div class=\"container\">\r\n    <div class=\"row\">\r\n       <div class=\"col-lg-7\">\r\n         <h2>O que s\u00e3o fundos negociados em bolsa (ETFs)?<\/h2>\r\n     <p>Os fundos negociados em bolsa (ETFs) s\u00e3o fundos de investimento transacionados em bolsas de valores, da mesma forma que as a\u00e7\u00f5es individuais. S\u00e3o criados para acompanhar o desempenho de um \u00edndice espec\u00edfico, uma classe de ativos, commodity ou grupo de ativos. Os ETFs d\u00e3o aos investidores exposi\u00e7\u00e3o a um portf\u00f3lio diversificado de ativos subjacentes, o que os torna uma op\u00e7\u00e3o interessante para quem busca distribuir o risco e obter uma maior exposi\u00e7\u00e3o ao mercado.<\/p>\r\n   <\/div>\r\n   \r\n    <div class=\"col-lg-5\">\r\n      <img decoding=\"async\" class=\"img-fluid\" src=\"\/wp-content\/themes\/website-theme\/images\/ETF-img-02.png\" alt=\"\">\r\n      <\/div>\r\n    <\/div>\r\n  <\/div>\r\n  <\/div>\r\n  \r\n \r\n <\/div>","protected":false},"excerpt":{"rendered":"Diversifique seu portf\u00f3lio com CFDs de ETFs na XMR Markets Na XMR Markets, entendemos a import\u00e2ncia da diversifica\u00e7\u00e3o e do acesso a uma ampla gama de op\u00e7\u00f5es de investimento. Os fundos negociados em bolsa (ETFs) s\u00e3o uma maneira conveniente e econ\u00f4mica de obter essa diversifica\u00e7\u00e3o, e temos o prazer de oferecer a voc\u00ea a oportunidade &hellip;","protected":false},"author":1,"featured_media":0,"parent":0,"menu_order":0,"comment_status":"closed","ping_status":"closed","template":"fullwidth-page.php","meta":{"footnotes":""},"class_list":["post-1204","page","type-page","status-publish","hentry"],"_links":{"self":[{"href":"https:\/\/www.xmrmarkets.com\/pt-br\/wp-json\/wp\/v2\/pages\/1204","targetHints":{"allow":["GET"]}}],"collection":[{"href":"https:\/\/www.xmrmarkets.com\/pt-br\/wp-json\/wp\/v2\/pages"}],"about":[{"href":"https:\/\/www.xmrmarkets.com\/pt-br\/wp-json\/wp\/v2\/types\/page"}],"author":[{"embeddable":true,"href":"https:\/\/www.xmrmarkets.com\/pt-br\/wp-json\/wp\/v2\/users\/1"}],"replies":[{"embeddable":true,"href":"https:\/\/www.xmrmarkets.com\/pt-br\/wp-json\/wp\/v2\/comments?post=1204"}],"version-history":[{"count":3,"href":"https:\/\/www.xmrmarkets.com\/pt-br\/wp-json\/wp\/v2\/pages\/1204\/revisions"}],"predecessor-version":[{"id":1289,"href":"https:\/\/www.xmrmarkets.com\/pt-br\/wp-json\/wp\/v2\/pages\/1204\/revisions\/1289"}],"wp:attachment":[{"href":"https:\/\/www.xmrmarkets.com\/pt-br\/wp-json\/wp\/v2\/media?parent=1204"}],"curies":[{"name":"wp","href":"https:\/\/api.w.org\/{rel}","templated":true}]}}