{"id":1205,"date":"2023-06-14T13:13:51","date_gmt":"2023-06-14T13:13:51","guid":{"rendered":"http:\/\/www.xmrmarkets.com\/faq\/"},"modified":"2024-11-10T13:44:13","modified_gmt":"2024-11-10T13:44:13","slug":"faq","status":"publish","type":"page","link":"https:\/\/www.xmrmarkets.com\/pt-br\/faq\/","title":{"rendered":"FAQ"},"content":{"rendered":"<div class=\"innerpage-wrap faq-page\">\r\n  <div class=\"container\">\r\n    <div class=\"row\">\r\n  \r\n   <div class=\"accordion\" id=\"accordionExample\">\r\n   <div class=\"accordion-item\">\r\n    <h2 class=\"accordion-header\" id=\"headingOne\">\r\n      <button class=\"accordion-button\" type=\"button\" data-bs-toggle=\"collapse\" data-bs-target=\"#collapseOne\" aria-expanded=\"true\" aria-controls=\"collapseOne\">\r\n        Em que podemos ajud\u00e1-lo hoje?\r\n      <\/button>\r\n    <\/h2>\r\n    <div id=\"collapseOne\" class=\"accordion-collapse collapse show\" aria-labelledby=\"headingOne\" data-bs-parent=\"#accordionExample\">\r\n      <div class=\"accordion-body\">\r\n       <p>Para abrir uma conta real Clique <a href=\"https:\/\/webtrader.xmrmarkets.com\/?action=forexSignup\">aqui <\/a> . Selecione <a href=\"\/account-type\">o tipo de conta <\/a> que melhor se adapta a voc\u00ea, preencha o registro on-line, envie seus documentos e voc\u00ea estar\u00e1 pronto para come\u00e7ar a negociar.<\/p>\r\n      <\/div>\r\n    <\/div>\r\n  <\/div>\r\n  <div class=\"accordion-item\">\r\n    <h2 class=\"accordion-header\" id=\"headingTwo\">\r\n      <button class=\"accordion-button collapsed\" type=\"button\" data-bs-toggle=\"collapse\" data-bs-target=\"#collapseTwo\" aria-expanded=\"false\" aria-controls=\"collapseTwo\">\r\n       Esqueci minha senha\/detalhes de login\r\n      <\/button>\r\n    <\/h2>\r\n    <div id=\"collapseTwo\" class=\"accordion-collapse collapse\" aria-labelledby=\"headingTwo\" data-bs-parent=\"#accordionExample\">\r\n      <div class=\"accordion-body\">\r\n         <p>H\u00e1 v\u00e1rias maneiras de redefinir sua senha. A mais f\u00e1cil \u00e9 clicar no bot\u00e3o &#8220;Esqueci minha senha&#8221; ou redefini-la por meio da<a href=\"https:\/\/clientzone.xmrmarkets.com\/#\/forgot-password\">p\u00e1gina de recupera\u00e7\u00e3o de senha. <\/a><\/p>\r\n      <\/div>\r\n    <\/div>\r\n  <\/div>\r\n  <div class=\"accordion-item\">\r\n    <h2 class=\"accordion-header\" id=\"headingThree\">\r\n      <button class=\"accordion-button collapsed\" type=\"button\" data-bs-toggle=\"collapse\" data-bs-target=\"#collapseThree\" aria-expanded=\"false\" aria-controls=\"collapseThree\">\r\n        Qual \u00e9 a diferen\u00e7a entre uma conta de demonstra\u00e7\u00e3o e uma conta real?\r\n      <\/button>\r\n    <\/h2>\r\n    <div id=\"collapseThree\" class=\"accordion-collapse collapse\" aria-labelledby=\"headingThree\" data-bs-parent=\"#accordionExample\">\r\n      <div class=\"accordion-body\">\r\n        <p>A funcionalidade da conta de demonstra\u00e7\u00e3o \u00e9 semelhante \u00e0 da conta real. Em uma conta de demonstra\u00e7\u00e3o, voc\u00ea pode negociar com dinheiro virtual, enquanto que, em uma conta real, antes de poder come\u00e7ar a negociar, voc\u00ea precisa depositar fundos reais. Uma conta de demonstra\u00e7\u00e3o \u00e9 a melhor maneira de os operadores inexperientes explorarem o mundo da negocia\u00e7\u00e3o Forex, onde podem aprender, praticar e experimentar diferentes estilos de negocia\u00e7\u00e3o.<\/p>        \r\n    <\/div>\r\n    <\/div>\r\n  <\/div>\r\n  \r\n  <div class=\"accordion-item\">\r\n    <h2 class=\"accordion-header\" id=\"headingFour\">\r\n      <button class=\"accordion-button collapsed\" type=\"button\" data-bs-toggle=\"collapse\" data-bs-target=\"#collapseFour\" aria-expanded=\"false\" aria-controls=\"collapseFour\">\r\n        Voc\u00eas oferecem contas sem swap?\r\n      <\/button>\r\n    <\/h2>\r\n    <div id=\"collapseFour\" class=\"accordion-collapse collapse\" aria-labelledby=\"headingFour\" data-bs-parent=\"#accordionExample\">\r\n      <div class=\"accordion-body\">\r\n        <p>Sim, oferecemos. Voc\u00ea pode solicitar uma entrando em contato com seu gerente de conta.<\/p>        \r\n    <\/div>\r\n    <\/div>\r\n  <\/div>\r\n  \r\n<div class=\"accordion-item\">\r\n    <h2 class=\"accordion-header\" id=\"headingFours\">\r\n      <button class=\"accordion-button collapsed\" type=\"button\" data-bs-toggle=\"collapse\" data-bs-target=\"#collapseFours\" aria-expanded=\"false\" aria-controls=\"collapseFours\">\r\n        Qual \u00e9 o dep\u00f3sito m\u00ednimo?\r\n      <\/button>\r\n    <\/h2>\r\n    <div id=\"collapseFours\" class=\"accordion-collapse collapse\" aria-labelledby=\"headingFours\" data-bs-parent=\"#accordionExample\">\r\n      <div class=\"accordion-body\">\r\n        <p>O dep\u00f3sito m\u00ednimo inicial depende do tipo de conta selecionado, mas o m\u00ednimo para come\u00e7ar a negociar \u00e9 de 250 EUR ou GBP.<\/p>   \r\n    <\/div>\r\n    <\/div>\r\n<\/div>  \r\n\r\n\r\n<div class=\"accordion-item\">\r\n    <h2 class=\"accordion-header\" id=\"headingFive\">\r\n      <button class=\"accordion-button collapsed\" type=\"button\" data-bs-toggle=\"collapse\" data-bs-target=\"#collapseFive\" aria-expanded=\"false\" aria-controls=\"collapseFive\">\r\n        Em qual moeda posso fazer dep\u00f3sitos?\r\n      <\/button>\r\n    <\/h2>\r\n    <div id=\"collapseFive\" class=\"accordion-collapse collapse\" aria-labelledby=\"headingFive\" data-bs-parent=\"#accordionExample\">\r\n      <div class=\"accordion-body\">\r\n        <p>Pode fazer dep\u00f3sitos em EUR ou GBP.<\/p> \r\n    <\/div>\r\n    <\/div>\r\n<\/div>  \r\n\r\n<div class=\"accordion-item\">\r\n    <h2 class=\"accordion-header\" id=\"headingSix\">\r\n      <button class=\"accordion-button collapsed\" type=\"button\" data-bs-toggle=\"collapse\" data-bs-target=\"#collapseSix\" aria-expanded=\"false\" aria-controls=\"collapseSix\">\r\n        Quais m\u00e9todos de dep\u00f3sito voc\u00eas aceitam?\r\n      <\/button>\r\n    <\/h2>\r\n    <div id=\"collapseSix\" class=\"accordion-collapse collapse\" aria-labelledby=\"headingSix\" data-bs-parent=\"#accordionExample\">\r\n      <div class=\"accordion-body\">\r\n        <p>Aceitamos v\u00e1rias op\u00e7\u00f5es de dep\u00f3sito: os principais cart\u00f5es de cr\u00e9dito (Visa, MasterCard, Maestro), transfer\u00eancia banc\u00e1ria e m\u00e9todos de pagamento alternativos, como WebMoney, Skrill, Neteller, etc.<\/p>         \r\n    <\/div>\r\n    <\/div>\r\n<\/div>  \r\n\r\n<div class=\"accordion-item\">\r\n    <h2 class=\"accordion-header\" id=\"headingSeven\">\r\n      <button class=\"accordion-button collapsed\" type=\"button\" data-bs-toggle=\"collapse\" data-bs-target=\"#collapseSeven\" aria-expanded=\"false\" aria-controls=\"collapseSeven\">\r\n        Quanto tempo leva para sacar meus fundos?\r\n      <\/button>\r\n    <\/h2>\r\n    <div id=\"collapseSeven\" class=\"accordion-collapse collapse\" aria-labelledby=\"headingSeven\" data-bs-parent=\"#accordionExample\">\r\n      <div class=\"accordion-body\">\r\n        <p>As solicita\u00e7\u00f5es de saque geralmente s\u00e3o processadas no prazo de 5 a 10 dias \u00fateis. No entanto, observe que as retiradas s\u00f3 s\u00e3o feitas para contas que tenham conclu\u00eddo o procedimento de verifica\u00e7\u00e3o.<\/p>         \r\n    <\/div>\r\n    <\/div>\r\n<\/div>  \r\n\r\n<\/div>\r\n  \r\n  <\/div>  \r\n  <\/div>  \r\n<\/div>","protected":false},"excerpt":{"rendered":"Em que podemos ajud\u00e1-lo hoje? Para abrir uma conta real Clique aqui . Selecione o tipo de conta que melhor se adapta a voc\u00ea, preencha o registro on-line, envie seus documentos e voc\u00ea estar\u00e1 pronto para come\u00e7ar a negociar. Esqueci minha senha\/detalhes de login H\u00e1 v\u00e1rias maneiras de redefinir sua senha. A mais f\u00e1cil \u00e9 &hellip;","protected":false},"author":1,"featured_media":0,"parent":0,"menu_order":0,"comment_status":"closed","ping_status":"closed","template":"fullwidth-page.php","meta":{"footnotes":""},"class_list":["post-1205","page","type-page","status-publish","hentry"],"_links":{"self":[{"href":"https:\/\/www.xmrmarkets.com\/pt-br\/wp-json\/wp\/v2\/pages\/1205","targetHints":{"allow":["GET"]}}],"collection":[{"href":"https:\/\/www.xmrmarkets.com\/pt-br\/wp-json\/wp\/v2\/pages"}],"about":[{"href":"https:\/\/www.xmrmarkets.com\/pt-br\/wp-json\/wp\/v2\/types\/page"}],"author":[{"embeddable":true,"href":"https:\/\/www.xmrmarkets.com\/pt-br\/wp-json\/wp\/v2\/users\/1"}],"replies":[{"embeddable":true,"href":"https:\/\/www.xmrmarkets.com\/pt-br\/wp-json\/wp\/v2\/comments?post=1205"}],"version-history":[{"count":4,"href":"https:\/\/www.xmrmarkets.com\/pt-br\/wp-json\/wp\/v2\/pages\/1205\/revisions"}],"predecessor-version":[{"id":1451,"href":"https:\/\/www.xmrmarkets.com\/pt-br\/wp-json\/wp\/v2\/pages\/1205\/revisions\/1451"}],"wp:attachment":[{"href":"https:\/\/www.xmrmarkets.com\/pt-br\/wp-json\/wp\/v2\/media?parent=1205"}],"curies":[{"name":"wp","href":"https:\/\/api.w.org\/{rel}","templated":true}]}}