{"id":1228,"date":"2023-06-13T14:39:23","date_gmt":"2023-06-13T14:39:23","guid":{"rendered":"http:\/\/www.xmrmarkets.com\/legal-information\/"},"modified":"2026-02-24T07:38:47","modified_gmt":"2026-02-24T07:38:47","slug":"legal-information","status":"publish","type":"page","link":"https:\/\/www.xmrmarkets.com\/pt-br\/legal-information\/","title":{"rendered":"Informa\u00e7\u00f5es legais"},"content":{"rendered":"<div class=\"innerpage-wrap legal-page\">\r\n\t<div class=\"container\">\r\n\t  <div class=\"row\">\r\n\t   <div class=\"col-lg-12\">\r\n\t\t\t<h2>REGULAMENTA\u00c7\u00c3O<\/h2>\r\n\t\t   <p>The domain www.xmrmarkets.com is solely and exclusively operated by XMR Markets (Pty) Ltd, a company incorporated in South Africa, with registration number 2015\/241042\/07, whose office address is at 33 Scott Street, Waverley, Johanesburg, 2090, South Africa which is licensed as a financial service provider by FSCA, with FSP license number 46452, in accordance with the laws of South Africa. XMR Markets (Pty) Ltd is authorised to provide advice and intermediary services in respect of the products and services offered by LP Solutions LLC. In respect of such products and services, XMR Markets (Pty) Ltd provides technical support and acts as a collection agent for such foreign liquidity provider. All accounts, trades and\/or transactions in respect of such products and services are entered into with LP Solutions LLC as the principal counterparty and within the jurisdiction of St Vincent and the Grenadines. It is important that clients familiarize themselves with the Trading Terms and Conditions provided when a live account is opened with LP Solutions LLC. Grodena Ltd is a registered company in Cyprus, with registration number HE 438008 and registered address is Nisi 68, Agia Napa, 5330, Famagusta, Cyprus. Grodena Ltd is appointed as an Independent representative and Distributor.<\/p>\r\n\t\t<\/div>\r\n\t\t<div class=\"col-lg-12\">\r\n\t\t\t<h4>Os documentos legais que ser\u00e3o aplicados em qualquer intera\u00e7\u00e3o com os usu\u00e1rios do site s\u00e3o:<\/h4>\r\n\t\t<\/div>\r\n\t\t<div class=\"col-lg-6\">\r\n\t\t  <div class=\"legal-box\">\r\n\t\t\t <h3>Taxas administrativas<\/h3>\r\n\t\t\t <a class=\"common-btn\" href=\"\/wp-content\/themes\/website-theme\/images\/pdf\/pt\/Fees_PT.pdf\" target=\"_blank\" rel=\"noopener\">Clique aqui<\/a>\r\n\t\t  <\/div>\r\n\t   <\/div>\r\n\t   <div class=\"col-lg-6\">\r\n\t\t\t<div class=\"legal-box\">\r\n\t\t\t\t<h3>Pol\u00edtica de AML e KYC<\/h3>\r\n\t\t\t\t<a class=\"common-btn\" href=\"\/wp-content\/themes\/website-theme\/images\/pdf\/pt\/AML_&#038;_KYC_Policy_PT.pdf\" target=\"_blank\" rel=\"noopener\">Clique aqui<\/a>\r\n\t\t\t<\/div>\r\n\t\t<\/div> \r\n\t   <div class=\"col-lg-6\">\r\n\t\t\t<div class=\"legal-box\">\r\n\t\t\t\t<h3>Termos do b\u00f4nus<\/h3>\r\n\t\t\t\t<a class=\"common-btn\" href=\"\/wp-content\/themes\/website-theme\/images\/pdf\/pt\/Bonus+terms_PT.pdf\" target=\"_blank\" rel=\"noopener\">Clique aqui<\/a>\r\n\t\t\t<\/div>\r\n\t\t<\/div>\r\n\t\t<div class=\"col-lg-6\">\r\n\t\t\t<div class=\"legal-box\">\r\n\t\t\t\t<h3>Processo de Tratamento de Reclama\u00e7\u00f5es<\/h3>\r\n\t\t\t\t<a class=\"common-btn\" href=\"\/wp-content\/themes\/website-theme\/images\/pdf\/pt\/Complaint_Handling_Process_PT.pdf\" target=\"_blank\" rel=\"noopener\">Clique aqui<\/a>\r\n\t\t\t<\/div>\r\n\t\t<\/div>\r\n\t\t<div class=\"col-lg-6\">\r\n\t\t\t<div class=\"legal-box\">\r\n\t\t\t\t<h3>Formul\u00e1rio de Reclama\u00e7\u00f5es<\/h3>\r\n\t\t\t\t<a class=\"common-btn\" href=\"\/wp-content\/themes\/website-theme\/images\/pdf\/pt\/Complaints_form_PT.pdf\" target=\"_blank\" rel=\"noopener\">Clique aqui<\/a>\r\n\t\t\t<\/div>\r\n\t\t<\/div>\r\n\t\t<div class=\"col-lg-6\">\r\n\t\t\t<div class=\"legal-box\">\r\n\t\t\t\t<h3>Pol\u00edtica de cookies<\/h3>\r\n\t\t\t\t<a class=\"common-btn\" href=\"\/wp-content\/themes\/website-theme\/images\/pdf\/pt\/Cookie_Policy_PT.pdf\" target=\"_blank\" rel=\"noopener\">Clique aqui<\/a>\r\n\t\t\t<\/div>\r\n\t\t<\/div>\r\n\t\t <div class=\"col-lg-6\">\r\n\t\t\t<div class=\"legal-box\">\r\n\t\t\t\t<h3>Termos e condi\u00e7\u00f5es gerais<\/h3>\r\n\t\t\t   <a class=\"common-btn\" href=\"\/wp-content\/themes\/website-theme\/images\/pdf\/pt\/General_terms_and_conditions-xmr_PT.pdf\" target=\"_blank\" rel=\"noopener\">Clique aqui<\/a>\r\n\t\t\t<\/div>\r\n\t\t<\/div>    \r\n\t\t <div class=\"col-lg-6\">\r\n\t\t\t<div class=\"legal-box\">\r\n\t\t\t\t<h3>Pol\u00edtica de reembolsos e devolu\u00e7\u00f5es<\/h3>\r\n\t\t\t   <a class=\"common-btn\" href=\"\/wp-content\/themes\/website-theme\/images\/pdf\/pt\/Refunds_And_Returns_Policy_PT.pdf\" target=\"_blank\" rel=\"noopener\">Clique aqui<\/a>\r\n\t\t\t<\/div>\r\n\t\t<\/div>    \r\n\t\t <div class=\"col-lg-6\">\r\n\t\t\t<div class=\"legal-box\">\r\n\t\t\t\t<h3>Pol\u00edtica de privacidade<\/h3>\r\n\t\t\t   <a class=\"common-btn\" href=\"\/wp-content\/themes\/website-theme\/images\/pdf\/pt\/Privacy_policy_PT.pdf\" target=\"_blank\" rel=\"noopener\">Clique aqui<\/a>\r\n\t\t\t<\/div>\r\n\t\t<\/div>    \r\n\t\t <div class=\"col-lg-6\">\r\n\t\t\t<div class=\"legal-box\">\r\n\t\t\t\t<h3>Declara\u00e7\u00e3o de divulga\u00e7\u00e3o de riscos<\/h3>\r\n\t\t\t   <a class=\"common-btn\" href=\"\/wp-content\/themes\/website-theme\/images\/pdf\/pt\/Risk_disclosure_statement_PT.pdf\" target=\"_blank\" rel=\"noopener\">Clique aqui<\/a>\r\n\t\t\t<\/div>\r\n\t\t<\/div>    \r\n\t\t\r\n\t\t<div class=\"col-lg-12\">\r\n\t\t   <h2>LIT\u00cdGIOS<\/h2>\r\n\t\t   <h4>Conflito de interesses<\/h4>\r\n\t\t   <p>A XMR Markets mant\u00e9m e opera arranjos organizacionais e administrativos eficazes, com o objetivo de tomar todas as medidas razo\u00e1veis, destinadas a evitar conflitos de interesse que possam afetar negativamente os interesses de nossos clientes. Nesse sentido, a XMR Markets toma todas as medidas para identificar conflitos de interesse dentro da empresa e qualquer pessoa direta ou indiretamente ligada a n\u00f3s ou entre nosso cliente e outro que surja no curso dos neg\u00f3cios. Em conformidade com o acima exposto, a XMR Markets estabeleceu sua pol\u00edtica de Conflitos de Interesses. A pol\u00edtica acima descreve algumas inst\u00e2ncias em que podem surgir conflitos de interesse e como essas situa\u00e7\u00f5es podem ser gerenciadas da melhor maneira eficaz no interesse de nossos clientes. Quando um conflito de interesses n\u00e3o puder ser evitado, isso dever\u00e1 ser devidamente divulgado antes da realiza\u00e7\u00e3o de neg\u00f3cios com clientes em potencial.<\/p> \r\n\t   <\/div>\r\n\t  \r\n\t<\/div>\t\r\n  <\/div>","protected":false},"excerpt":{"rendered":"REGULAMENTA\u00c7\u00c3O The domain www.xmrmarkets.com is solely and exclusively operated by XMR Markets (Pty) Ltd, a company incorporated in South Africa, with registration number 2015\/241042\/07, whose office address is at 33 Scott Street, Waverley, Johanesburg, 2090, South Africa which is licensed as a financial service provider by FSCA, with FSP license number 46452, in accordance with &hellip;","protected":false},"author":1,"featured_media":0,"parent":0,"menu_order":0,"comment_status":"closed","ping_status":"closed","template":"fullwidth-page.php","meta":{"footnotes":""},"class_list":["post-1228","page","type-page","status-publish","hentry"],"_links":{"self":[{"href":"https:\/\/www.xmrmarkets.com\/pt-br\/wp-json\/wp\/v2\/pages\/1228","targetHints":{"allow":["GET"]}}],"collection":[{"href":"https:\/\/www.xmrmarkets.com\/pt-br\/wp-json\/wp\/v2\/pages"}],"about":[{"href":"https:\/\/www.xmrmarkets.com\/pt-br\/wp-json\/wp\/v2\/types\/page"}],"author":[{"embeddable":true,"href":"https:\/\/www.xmrmarkets.com\/pt-br\/wp-json\/wp\/v2\/users\/1"}],"replies":[{"embeddable":true,"href":"https:\/\/www.xmrmarkets.com\/pt-br\/wp-json\/wp\/v2\/comments?post=1228"}],"version-history":[{"count":20,"href":"https:\/\/www.xmrmarkets.com\/pt-br\/wp-json\/wp\/v2\/pages\/1228\/revisions"}],"predecessor-version":[{"id":1469,"href":"https:\/\/www.xmrmarkets.com\/pt-br\/wp-json\/wp\/v2\/pages\/1228\/revisions\/1469"}],"wp:attachment":[{"href":"https:\/\/www.xmrmarkets.com\/pt-br\/wp-json\/wp\/v2\/media?parent=1228"}],"curies":[{"name":"wp","href":"https:\/\/api.w.org\/{rel}","templated":true}]}}