{"id":1233,"date":"2023-06-14T12:03:05","date_gmt":"2023-06-14T12:03:05","guid":{"rendered":"http:\/\/www.xmrmarkets.com\/stocks-2\/"},"modified":"2024-01-10T14:13:50","modified_gmt":"2024-01-10T14:13:50","slug":"stocks-2","status":"publish","type":"page","link":"https:\/\/www.xmrmarkets.com\/pt-br\/stocks-2\/","title":{"rendered":"A\u00e7\u00f5es"},"content":{"rendered":"<div class=\"innerpage-wrap trading-inner-page\">\r\n\r\n <div class=\"tip-top\">\r\n  <div class=\"container\">\r\n   <div class=\"row\">\r\n     <div class=\"col-lg-6\">\r\n<h3>Capitalize as principais a\u00e7\u00f5es globais sem ser propriet\u00e1rio<\/h3>\r\n        <p>Comece a negociar CFDs longos ou curtos em a\u00e7\u00f5es das empresas globais mais negociadas do mundo, incluindo a Amazon, Meta Platforms, inc., Apple, Microsoft e Alphabet. O investimento em CFDs permite que voc\u00ea negocie o valor das a\u00e7\u00f5es das empresas sem possuir as a\u00e7\u00f5es subjacentes, o que lhe d\u00e1 v\u00e1rias vantagens sobre a negocia\u00e7\u00e3o tradicional de a\u00e7\u00f5es.<\/p>\r\n     <\/div>\r\n\t <div class=\"col-lg-6\">\r\n\t   <img decoding=\"async\" class=\"img-fluid\" src=\"\/wp-content\/themes\/website-theme\/images\/st-img-01.jpg\" alt=\"\">\r\n     <\/div>\r\n   <\/div>\r\n <\/div>\r\n <\/div>\r\n \r\n  <div class=\"tip-middle\">\r\n   <div class=\"container\">\r\n   <div class=\"row\">\r\n   \r\n     <div class=\"col-lg-12\">\r\n       <h3>Escolha CFDs de a\u00e7\u00f5es para afirmar seu status premium<\/h3>\r\n\t <\/div>\r\n\t \r\n\t <div class=\"col-lg-6\">\r\n\t    <div class=\"tip-middle-box\">\r\n\t\t    <h3>Equilibrando os riscos de mercado<\/h3>\r\n            <p>Como os CFDs de a\u00e7\u00f5es re\u00fanem de 30 a 500 a\u00e7\u00f5es de empresas de capital aberto, eles tamb\u00e9m podem aumentar sua resist\u00eancia ao risco de mercado, criando um ativo mais est\u00e1vel.<\/p>\r\n\t\t<\/div>\r\n\t <\/div>\r\n\t \r\n\t <div class=\"col-lg-6\">\r\n\t  <div class=\"tip-middle-box\">\r\n\t     \r\n\t     <h3>Acesso \u00e0 negocia\u00e7\u00e3o em v\u00e1rias plataformas<\/h3>\r\n         <p>Escolha a maneira mais confort\u00e1vel de acessar a arena de negocia\u00e7\u00e3o internacional. Seja no PC, laptop, smartphone ou tablet &#8211; a XMR Markets suporta tudo isso. \u00c9 voc\u00ea quem est\u00e1 no controle de como e quando negociar.<\/p>\r\n     <\/div>\r\n\t <\/div>\r\n\t \r\n   <\/div>\r\n <\/div>\r\n <\/div>\r\n \r\n <div class=\"tip-bottom\">\r\n   <div class=\"container\">\r\n   <div class=\"row\">\r\n      <div class=\"col-lg-7\">\r\n        <h2>Benef\u00edcios dos CFDs de a\u00e7\u00f5es:<\/h2>\r\n\t\t<p>Operar a descoberto ou a longo prazo em a\u00e7\u00f5es \u00e9 um processo relativamente complicado na negocia\u00e7\u00e3o tradicional, mas com os CFDs voc\u00ea pode vender t\u00e3o facilmente quanto comprar para lucrar com os mercados em queda.<\/p>\r\n\t\t<p>Os CFDs de a\u00e7\u00f5es s\u00e3o f\u00e1ceis de negociar, sem necessidade de recorrer a uma corretora. Basta comprar ou vender pelo pre\u00e7o real de mercado.<\/p>\r\n\t\t<p>Negocie a um custo muito menor em compara\u00e7\u00e3o com a negocia\u00e7\u00e3o tradicional de a\u00e7\u00f5es.<\/p>\r\n\t\t<p>Voc\u00ea pode lucrar com os menores movimentos do mercado, uma vez que a alavancagem permite que voc\u00ea aumente o tamanho de sua posi\u00e7\u00e3o em rela\u00e7\u00e3o ao seu investimento. A alavancagem tamb\u00e9m \u00e9 arriscada e pode aumentar tanto suas perdas quanto seus ganhos.<\/p>\r\n\t<\/div>\r\n\t\r\n\t <div class=\"col-lg-5\">\r\n\t   <img decoding=\"async\" class=\"img-fluid\" src=\"\/wp-content\/themes\/website-theme\/images\/st-img-02.png\" alt=\"\">\r\n     <\/div>\r\n   <\/div>\r\n <\/div>\r\n <\/div>\r\n \r\n\r\n<\/div>","protected":false},"excerpt":{"rendered":"Capitalize as principais a\u00e7\u00f5es globais sem ser propriet\u00e1rio Comece a negociar CFDs longos ou curtos em a\u00e7\u00f5es das empresas globais mais negociadas do mundo, incluindo a Amazon, Meta Platforms, inc., Apple, Microsoft e Alphabet. O investimento em CFDs permite que voc\u00ea negocie o valor das a\u00e7\u00f5es das empresas sem possuir as a\u00e7\u00f5es subjacentes, o que &hellip;","protected":false},"author":1,"featured_media":0,"parent":0,"menu_order":0,"comment_status":"closed","ping_status":"closed","template":"fullwidth-page.php","meta":{"footnotes":""},"class_list":["post-1233","page","type-page","status-publish","hentry"],"_links":{"self":[{"href":"https:\/\/www.xmrmarkets.com\/pt-br\/wp-json\/wp\/v2\/pages\/1233","targetHints":{"allow":["GET"]}}],"collection":[{"href":"https:\/\/www.xmrmarkets.com\/pt-br\/wp-json\/wp\/v2\/pages"}],"about":[{"href":"https:\/\/www.xmrmarkets.com\/pt-br\/wp-json\/wp\/v2\/types\/page"}],"author":[{"embeddable":true,"href":"https:\/\/www.xmrmarkets.com\/pt-br\/wp-json\/wp\/v2\/users\/1"}],"replies":[{"embeddable":true,"href":"https:\/\/www.xmrmarkets.com\/pt-br\/wp-json\/wp\/v2\/comments?post=1233"}],"version-history":[{"count":4,"href":"https:\/\/www.xmrmarkets.com\/pt-br\/wp-json\/wp\/v2\/pages\/1233\/revisions"}],"predecessor-version":[{"id":1329,"href":"https:\/\/www.xmrmarkets.com\/pt-br\/wp-json\/wp\/v2\/pages\/1233\/revisions\/1329"}],"wp:attachment":[{"href":"https:\/\/www.xmrmarkets.com\/pt-br\/wp-json\/wp\/v2\/media?parent=1233"}],"curies":[{"name":"wp","href":"https:\/\/api.w.org\/{rel}","templated":true}]}}